{"id":96,"date":"2025-12-15T16:16:05","date_gmt":"2025-12-15T16:16:05","guid":{"rendered":"https:\/\/tuesencia360.com\/?page_id=96"},"modified":"2025-12-16T11:09:00","modified_gmt":"2025-12-16T11:09:00","slug":"primera-escucha","status":"publish","type":"page","link":"https:\/\/tuesencia360.com\/?page_id=96","title":{"rendered":"Primera Escucha"},"content":{"rendered":"\n<h2 class=\"wp-block-heading has-text-align-center\"><br><br>Cu\u00e9ntanos qu\u00e9 te est\u00e1 pasando<\/h2>\n\n\n\n<p class=\"has-text-align-center\">No es una terapia ni un diagn\u00f3stico.<br>Es un primer espacio para expresarte y recibir otras miradas profesionales.<\/p>\n\n\n\n<p class=\"has-text-align-center\">Es gratuito, an\u00f3nimo y sin compromiso.<\/p>\n\n\n<div class='fluentform ff-default fluentform_wrapper_3  ff_guten_block ff_guten_block-3 ffs_default_wrap'><form data-form_id=\"3\" id=\"fluentform_3\" class=\"frm-fluent-form fluent_form_3 ff-el-form-top ff_form_instance_3_1 ff-form-loading ffs_default\" data-form_instance=\"ff_form_instance_3_1\" method=\"POST\" ><fieldset  style=\"border: none!important;margin: 0!important;padding: 0!important;background-color: transparent!important;box-shadow: none!important;outline: none!important; min-inline-size: 100%;\">\n                    <legend class=\"ff_screen_reader_title\" style=\"display: block; margin: 0!important;padding: 0!important;height: 0!important;text-indent: -999999px;width: 0!important;overflow:hidden;\">Primera Escucha \u2013 TuEsencia360<\/legend><input type='hidden' name='__fluent_form_embded_post_id' value='96' \/><input type=\"hidden\" id=\"_fluentform_3_fluentformnonce\" name=\"_fluentform_3_fluentformnonce\" value=\"504851cfac\" \/><input type=\"hidden\" name=\"_wp_http_referer\" value=\"\/index.php?rest_route=%2Fwp%2Fv2%2Fpages%2F96\" \/><div class='ff-el-group'><div class=\"ff-el-input--label ff-el-is-required asterisk-right\"><label for='ff_3_description' id='label_ff_3_description' aria-label=\"Qu\u00e9 te est\u00e1 pasando ahora mismo?\">Qu\u00e9 te est\u00e1 pasando ahora mismo?<\/label><\/div><div class='ff-el-input--content'><textarea aria-required=\"true\" aria-labelledby=\"label_ff_3_description\" name=\"description\" id=\"ff_3_description\" class=\"ff-el-form-control\" placeholder=\"Cu\u00e9ntanos con tranquilidad que te pasa.\" rows=\"3\" cols=\"2\" data-name=\"description\" ><\/textarea><\/div><\/div><div class='ff-el-group  ff_list_4col'><div class=\"ff-el-input--label ff-el-is-required asterisk-right\"><label   aria-label=\"\u00bfCon qu\u00e9 se relaciona m\u00e1s?\">\u00bfCon qu\u00e9 se relaciona m\u00e1s?<\/label><\/div><div class='ff-el-input--content'><div class='ff-el-form-check ff-el-form-check-'><label class='ff-el-form-check-label'><input  type=\"checkbox\" name=\"checkbox[]\" data-name=\"checkbox\" class=\"ff-el-form-check-input ff-el-form-check-checkbox\" value=\"Hormonal\"  id='checkbox_4da805b62cbbee49cbc2d58fe04407b2' aria-label='Hormonal' aria-invalid='false' aria-required=true> <span>Hormonal<\/span><\/label><\/div><div class='ff-el-form-check ff-el-form-check-'><label class='ff-el-form-check-label'><input  type=\"checkbox\" name=\"checkbox[]\" data-name=\"checkbox\" class=\"ff-el-form-check-input ff-el-form-check-checkbox\" value=\"Digestivo \/ Inflamaci\u00f3n\"  id='checkbox_75d728975920868df6194cc3a87b793f' aria-label='Digestivo \/ Inflamaci\u00f3n' aria-invalid='false' aria-required=true> <span>Digestivo \/ Inflamaci\u00f3n<\/span><\/label><\/div><div class='ff-el-form-check ff-el-form-check-'><label class='ff-el-form-check-label'><input  type=\"checkbox\" name=\"checkbox[]\" data-name=\"checkbox\" class=\"ff-el-form-check-input ff-el-form-check-checkbox\" value=\"Sue\u00f1o\"  id='checkbox_3ee82360fbe1677eec5b2c21d8e50de3' aria-label='Sue\u00f1o' aria-invalid='false' aria-required=true> <span>Sue\u00f1o<\/span><\/label><\/div><div class='ff-el-form-check ff-el-form-check-'><label class='ff-el-form-check-label'><input  type=\"checkbox\" name=\"checkbox[]\" data-name=\"checkbox\" class=\"ff-el-form-check-input ff-el-form-check-checkbox\" value=\"Estado de \u00c1nimo\"  id='checkbox_cb96c9615c24ffe8f6d22019d4384011' aria-label='Estado de \u00c1nimo' aria-invalid='false' aria-required=true> <span>Estado de \u00c1nimo<\/span><\/label><\/div><div class='ff-el-form-check ff-el-form-check-'><label class='ff-el-form-check-label'><input  type=\"checkbox\" name=\"checkbox[]\" data-name=\"checkbox\" class=\"ff-el-form-check-input ff-el-form-check-checkbox\" value=\"Alimentaci\u00f3n\"  id='checkbox_43c5849569b569599ebcf859644d2f1b' aria-label='Alimentaci\u00f3n' aria-invalid='false' aria-required=true> <span>Alimentaci\u00f3n<\/span><\/label><\/div><div class='ff-el-form-check ff-el-form-check-'><label class='ff-el-form-check-label'><input  type=\"checkbox\" name=\"checkbox[]\" data-name=\"checkbox\" class=\"ff-el-form-check-input ff-el-form-check-checkbox\" value=\"Estr\u00e9s \/ Ansiedad\"  id='checkbox_1130e8fe0e8d271f78060a35a037b056' aria-label='Estr\u00e9s \/ Ansiedad' aria-invalid='false' aria-required=true> <span>Estr\u00e9s \/ Ansiedad<\/span><\/label><\/div><div class='ff-el-form-check ff-el-form-check-'><label class='ff-el-form-check-label'><input  type=\"checkbox\" name=\"checkbox[]\" data-name=\"checkbox\" class=\"ff-el-form-check-input ff-el-form-check-checkbox\" value=\"No lo s\u00e9\"  id='checkbox_0228c669b28e8b1a3c44acdb6a3fa10b' aria-label='No lo s\u00e9' aria-invalid='false' aria-required=true> <span>No lo s\u00e9<\/span><\/label><\/div><div class='ff-el-form-check ff-el-form-check-'><label class='ff-el-form-check-label'><input  type=\"checkbox\" name=\"checkbox[]\" data-name=\"checkbox\" class=\"ff-el-form-check-input ff-el-form-check-checkbox\" value=\"Cansancio \/ Energ\u00eda\"  id='checkbox_fb78ab795a6dac26c09882c7d350f059' aria-label='Cansancio \/ Energ\u00eda' aria-invalid='false' aria-required=true> <span>Cansancio \/ Energ\u00eda<\/span><\/label><\/div><\/div><\/div><div class='ff-el-group'><div class=\"ff-el-input--label ff-el-is-required asterisk-right\"><label   aria-label=\"\u00bfDesde cuando lo notas?\">\u00bfDesde cuando lo notas?<\/label><\/div><div class='ff-el-input--content'><div class='ff-el-form-check ff-el-form-check-'><label class='ff-el-form-check-label'><input  type=\"checkbox\" name=\"checkbox_1[]\" data-name=\"checkbox_1\" class=\"ff-el-form-check-input ff-el-form-check-checkbox\" value=\"Hace d\u00edas\"  id='checkbox_1_1fd00983abf0104e67b0378ef7fd4db5' aria-label='Hace d\u00edas' aria-invalid='false' aria-required=true> <span>Hace d\u00edas<\/span><\/label><\/div><div class='ff-el-form-check ff-el-form-check-'><label class='ff-el-form-check-label'><input  type=\"checkbox\" name=\"checkbox_1[]\" data-name=\"checkbox_1\" class=\"ff-el-form-check-input ff-el-form-check-checkbox\" value=\"Hace semanas\"  id='checkbox_1_fbbb7e400a47fe9c3fc61b178bf16572' aria-label='Hace semanas' aria-invalid='false' aria-required=true> <span>Hace semanas<\/span><\/label><\/div><div class='ff-el-form-check ff-el-form-check-'><label class='ff-el-form-check-label'><input  type=\"checkbox\" name=\"checkbox_1[]\" data-name=\"checkbox_1\" class=\"ff-el-form-check-input ff-el-form-check-checkbox\" value=\"Desde hace meses\"  id='checkbox_1_715b66bfeec8e678d73ad45f054ffa6a' aria-label='Desde hace meses' aria-invalid='false' aria-required=true> <span>Desde hace meses<\/span><\/label><\/div><div class='ff-el-form-check ff-el-form-check-'><label class='ff-el-form-check-label'><input  type=\"checkbox\" name=\"checkbox_1[]\" data-name=\"checkbox_1\" class=\"ff-el-form-check-input ff-el-form-check-checkbox\" value=\"Llevo mucho tiempo as\u00ed\"  id='checkbox_1_c6bb11a5c4cec2f2cbe3be362797cd1c' aria-label='Llevo mucho tiempo as\u00ed' aria-invalid='false' aria-required=true> <span>Llevo mucho tiempo as\u00ed<\/span><\/label><\/div><div class='ff-el-form-check ff-el-form-check-'><label class='ff-el-form-check-label'><input  type=\"checkbox\" name=\"checkbox_1[]\" data-name=\"checkbox_1\" class=\"ff-el-form-check-input ff-el-form-check-checkbox\" value=\"No sabr\u00eda decir\"  id='checkbox_1_a822a594135354b03be95315321f8b4e' aria-label='No sabr\u00eda decir' aria-invalid='false' aria-required=true> <span>No sabr\u00eda decir<\/span><\/label><\/div><\/div><\/div><div class='ff-el-group'><div class=\"ff-el-input--label ff-el-is-required asterisk-right\"><label for='ff_3_email' id='label_ff_3_email' aria-label=\"\u00bfD\u00f3nde podemos avisarte cuando haya respuestas de profesionales PNI?\">\u00bfD\u00f3nde podemos avisarte cuando haya respuestas de profesionales PNI?<\/label><\/div><div class='ff-el-input--content'><input type=\"email\" name=\"email\" id=\"ff_3_email\" class=\"ff-el-form-control\" placeholder=\"Correo Electr\u00f3nico\" data-name=\"email\"  aria-invalid=\"false\" aria-required=true><\/div><\/div><div class='ff-el-group'><div class='ff-el-input--content'><div class='ff-el-form-check ff-el-form-check-'><label class='ff-el-form-check-label'><input  type=\"checkbox\" name=\"checkbox_2[]\" data-name=\"checkbox_2\" class=\"ff-el-form-check-input ff-el-form-check-checkbox\" value=\"Acepto la pol\u00edtica de privacidad y que profesionales de TuEsencia360 lean mi mensaje para poder ayudarme.\"  id='checkbox_2_58df09865c57f4887679c2be04f8fa84' aria-label='Acepto la pol\u00edtica de privacidad y que profesionales de TuEsencia360 lean mi mensaje para poder ayudarme.' aria-invalid='false' aria-required=false> <span>Acepto la pol\u00edtica de privacidad y que profesionales de TuEsencia360 lean mi mensaje para poder ayudarme.<\/span><\/label><\/div><\/div><\/div><div class='ff-el-group ff-text-center ff_submit_btn_wrapper'><button type=\"submit\" class=\"ff-btn ff-btn-submit ff-btn-md ff_btn_style wpf_has_custom_css\"  aria-label=\"Empezar mi Primera Escuccha\">Empezar mi Primera Escuccha<\/button><\/div><\/fieldset><\/form><div id='fluentform_3_errors' class='ff-errors-in-stack ff_form_instance_3_1 ff-form-loading_errors ff_form_instance_3_1_errors'><\/div><\/div>            <script type=\"text\/javascript\">\n                window.fluent_form_ff_form_instance_3_1 = {\"id\":\"3\",\"settings\":{\"layout\":{\"labelPlacement\":\"top\",\"asteriskPlacement\":\"asterisk-right\",\"helpMessagePlacement\":\"with_label\",\"errorMessagePlacement\":\"inline\",\"cssClassName\":\"\"},\"restrictions\":{\"denyEmptySubmission\":{\"enabled\":false}}},\"form_instance\":\"ff_form_instance_3_1\",\"form_id_selector\":\"fluentform_3\",\"rules\":{\"description\":{\"required\":{\"value\":true,\"message\":\"Este campo es obligatorio\",\"global_message\":\"Este campo es obligatorio\",\"global\":true}},\"checkbox\":{\"required\":{\"value\":true,\"message\":\"Este campo es obligatorio\",\"global_message\":\"Este campo es obligatorio\",\"global\":true}},\"checkbox_1\":{\"required\":{\"value\":true,\"message\":\"Este campo es obligatorio\",\"global_message\":\"Este campo es obligatorio\",\"global\":true}},\"email\":{\"required\":{\"value\":true,\"message\":\"Este campo es obligatorio\",\"global_message\":\"Este campo es obligatorio\",\"global\":true},\"email\":{\"value\":true,\"message\":\"Este campo debe contener un correo electr\\u00f3nico v\\u00e1lido\",\"global_message\":\"Este campo debe contener un correo electr\\u00f3nico v\\u00e1lido\",\"global\":true}},\"checkbox_2\":{\"required\":{\"value\":false,\"message\":\"Este campo es obligatorio\",\"global_message\":\"Este campo es obligatorio\",\"global\":true}}},\"debounce_time\":300};\n                            <\/script>\n            ","protected":false},"excerpt":{"rendered":"<p>Cu\u00e9ntanos qu\u00e9 te est\u00e1 pasando No es una terapia ni un diagn\u00f3stico.Es un primer espacio para expresarte y recibir otras [&hellip;]<\/p>\n","protected":false},"author":1,"featured_media":0,"parent":0,"menu_order":0,"comment_status":"closed","ping_status":"closed","template":"","meta":{"site-sidebar-layout":"default","site-content-layout":"","ast-site-content-layout":"default","site-content-style":"default","site-sidebar-style":"default","ast-global-header-display":"","ast-banner-title-visibility":"","ast-main-header-display":"","ast-hfb-above-header-display":"","ast-hfb-below-header-display":"","ast-hfb-mobile-header-display":"","site-post-title":"disabled","ast-breadcrumbs-content":"","ast-featured-img":"","footer-sml-layout":"","theme-transparent-header-meta":"","adv-header-id-meta":"","stick-header-meta":"","header-above-stick-meta":"","header-main-stick-meta":"","header-below-stick-meta":"","astra-migrate-meta-layouts":"default","ast-page-background-enabled":"default","ast-page-background-meta":{"desktop":{"background-color":"var(--ast-global-color-5)","background-image":"","background-repeat":"repeat","background-position":"center center","background-size":"auto","background-attachment":"scroll","background-type":"","background-media":"","overlay-type":"","overlay-color":"","overlay-opacity":"","overlay-gradient":""},"tablet":{"background-color":"","background-image":"","background-repeat":"repeat","background-position":"center center","background-size":"auto","background-attachment":"scroll","background-type":"","background-media":"","overlay-type":"","overlay-color":"","overlay-opacity":"","overlay-gradient":""},"mobile":{"background-color":"","background-image":"","background-repeat":"repeat","background-position":"center center","background-size":"auto","background-attachment":"scroll","background-type":"","background-media":"","overlay-type":"","overlay-color":"","overlay-opacity":"","overlay-gradient":""}},"ast-content-background-meta":{"desktop":{"background-color":"var(--ast-global-color-4)","background-image":"","background-repeat":"repeat","background-position":"center center","background-size":"auto","background-attachment":"scroll","background-type":"","background-media":"","overlay-type":"","overlay-color":"","overlay-opacity":"","overlay-gradient":""},"tablet":{"background-color":"var(--ast-global-color-4)","background-image":"","background-repeat":"repeat","background-position":"center center","background-size":"auto","background-attachment":"scroll","background-type":"","background-media":"","overlay-type":"","overlay-color":"","overlay-opacity":"","overlay-gradient":""},"mobile":{"background-color":"var(--ast-global-color-4)","background-image":"","background-repeat":"repeat","background-position":"center center","background-size":"auto","background-attachment":"scroll","background-type":"","background-media":"","overlay-type":"","overlay-color":"","overlay-opacity":"","overlay-gradient":""}},"footnotes":""},"class_list":["post-96","page","type-page","status-publish","hentry"],"_links":{"self":[{"href":"https:\/\/tuesencia360.com\/index.php?rest_route=\/wp\/v2\/pages\/96","targetHints":{"allow":["GET"]}}],"collection":[{"href":"https:\/\/tuesencia360.com\/index.php?rest_route=\/wp\/v2\/pages"}],"about":[{"href":"https:\/\/tuesencia360.com\/index.php?rest_route=\/wp\/v2\/types\/page"}],"author":[{"embeddable":true,"href":"https:\/\/tuesencia360.com\/index.php?rest_route=\/wp\/v2\/users\/1"}],"replies":[{"embeddable":true,"href":"https:\/\/tuesencia360.com\/index.php?rest_route=%2Fwp%2Fv2%2Fcomments&post=96"}],"version-history":[{"count":5,"href":"https:\/\/tuesencia360.com\/index.php?rest_route=\/wp\/v2\/pages\/96\/revisions"}],"predecessor-version":[{"id":131,"href":"https:\/\/tuesencia360.com\/index.php?rest_route=\/wp\/v2\/pages\/96\/revisions\/131"}],"wp:attachment":[{"href":"https:\/\/tuesencia360.com\/index.php?rest_route=%2Fwp%2Fv2%2Fmedia&parent=96"}],"curies":[{"name":"wp","href":"https:\/\/api.w.org\/{rel}","templated":true}]}}